{"id":6679,"date":"2026-03-06T15:45:19","date_gmt":"2026-03-06T15:45:19","guid":{"rendered":"https:\/\/www.gosocial.bj\/vitalfinance\/?page_id=6679"},"modified":"2026-03-17T12:11:31","modified_gmt":"2026-03-17T12:11:31","slug":"mot-du-directeur","status":"publish","type":"page","link":"https:\/\/www.gosocial.bj\/vitalfinance\/notre-institution\/mot-du-directeur\/","title":{"rendered":"Mot du Directeur"},"content":{"rendered":"\t\t<div data-elementor-type=\"wp-page\" data-elementor-id=\"6679\" class=\"elementor elementor-6679\" data-elementor-post-type=\"page\">\n\t\t\t\t<div class=\"elementor-element elementor-element-d08927f e-flex e-con-boxed wpr-particle-no wpr-jarallax-no wpr-parallax-no wpr-sticky-section-no wpr-column-slider-no wpr-equal-height-no e-con e-parent\" data-id=\"d08927f\" data-element_type=\"container\" data-e-type=\"container\" data-settings=\"{&quot;background_background&quot;:&quot;classic&quot;}\">\n\t\t\t\t\t<div class=\"e-con-inner\">\n\t\t\t\t<div class=\"elementor-element elementor-element-16d4b84 elementor-widget elementor-widget-text-editor\" data-id=\"16d4b84\" data-element_type=\"widget\" data-e-type=\"widget\" data-widget_type=\"text-editor.default\">\n\t\t\t\t\t\t\t\t\t<p><a href=\"https:\/\/www.gosocial.bj\/vitalfinance\/\">Accueil<\/a> -&gt; <strong>Mot du Directeur G\u00e9n\u00e9ral<\/strong><\/p>\t\t\t\t\t\t\t\t<\/div>\n\t\t\t\t\t<\/div>\n\t\t\t\t<\/div>\n\t\t\t\t<section class=\"elementor-section elementor-top-section elementor-element elementor-element-f5175cc elementor-section-boxed elementor-section-height-default elementor-section-height-default wpr-particle-no wpr-jarallax-no wpr-parallax-no wpr-sticky-section-no wpr-column-slider-no wpr-equal-height-no\" data-id=\"f5175cc\" data-element_type=\"section\" data-e-type=\"section\">\n\t\t\t\t\t\t<div class=\"elementor-container elementor-column-gap-wide\">\n\t\t\t\t\t<div class=\"elementor-column elementor-col-50 elementor-top-column elementor-element elementor-element-4e0c508\" data-id=\"4e0c508\" data-element_type=\"column\" data-e-type=\"column\">\n\t\t\t<div class=\"elementor-widget-wrap elementor-element-populated\">\n\t\t\t\t\t\t<div class=\"elementor-element elementor-element-6aadb3d elementor-widget elementor-widget-heading\" data-id=\"6aadb3d\" data-element_type=\"widget\" data-e-type=\"widget\" data-settings=\"{&quot;_animation&quot;:&quot;none&quot;}\" data-widget_type=\"heading.default\">\n\t\t\t\t\t<h2 class=\"elementor-heading-title elementor-size-default\">Le mot du Directeur G\u00e9n\u00e9ral<\/h2>\t\t\t\t<\/div>\n\t\t\t\t<div class=\"elementor-element elementor-element-7dc9794 elementor-hidden-desktop elementor-widget elementor-widget-image\" data-id=\"7dc9794\" data-element_type=\"widget\" data-e-type=\"widget\" data-widget_type=\"image.default\">\n\t\t\t\t\t\t\t\t\t\t\t\t\t\t\t<img fetchpriority=\"high\" decoding=\"async\" width=\"640\" height=\"426\" src=\"https:\/\/www.gosocial.bj\/vitalfinance\/wp-content\/uploads\/2026\/03\/motdirecteurvf-1024x681.png\" class=\"attachment-large size-large wp-image-6281\" alt=\"\" srcset=\"https:\/\/www.gosocial.bj\/vitalfinance\/wp-content\/uploads\/2026\/03\/motdirecteurvf-1024x681.png 1024w, https:\/\/www.gosocial.bj\/vitalfinance\/wp-content\/uploads\/2026\/03\/motdirecteurvf-300x199.png 300w, https:\/\/www.gosocial.bj\/vitalfinance\/wp-content\/uploads\/2026\/03\/motdirecteurvf-768x510.png 768w, https:\/\/www.gosocial.bj\/vitalfinance\/wp-content\/uploads\/2026\/03\/motdirecteurvf.png 1336w\" sizes=\"(max-width: 640px) 100vw, 640px\" \/>\t\t\t\t\t\t\t\t\t\t\t\t\t\t\t<\/div>\n\t\t\t\t<div class=\"elementor-element elementor-element-c857e29 elementor-widget elementor-widget-text-editor\" data-id=\"c857e29\" data-element_type=\"widget\" data-e-type=\"widget\" data-settings=\"{&quot;_animation&quot;:&quot;none&quot;}\" data-widget_type=\"text-editor.default\">\n\t\t\t\t\t\t\t\t\t<p data-start=\"195\" data-end=\"428\">Lorem ipsum dolor sit amet, consectetur adipiscing elit. Sed do eiusmod tempor incididunt ut labore et dolore magna aliqua. Ut enim ad minim veniam, quis nostrud exercitation ullamco laboris nisi ut aliquip ex ea commodo consequat.<\/p><p data-start=\"430\" data-end=\"643\">Duis aute irure dolor in reprehenderit in voluptate velit esse cillum dolore eu.<\/p>\t\t\t\t\t\t\t\t<\/div>\n\t\t\t\t\t<\/div>\n\t\t<\/div>\n\t\t\t\t<div class=\"elementor-column elementor-col-50 elementor-top-column elementor-element elementor-element-be936b4\" data-id=\"be936b4\" data-element_type=\"column\" data-e-type=\"column\">\n\t\t\t<div class=\"elementor-widget-wrap elementor-element-populated\">\n\t\t\t\t\t\t<div class=\"elementor-element elementor-element-d424f21 elementor-hidden-tablet elementor-hidden-mobile elementor-widget elementor-widget-image\" data-id=\"d424f21\" data-element_type=\"widget\" data-e-type=\"widget\" data-widget_type=\"image.default\">\n\t\t\t\t\t\t\t\t\t\t\t\t\t\t\t<img decoding=\"async\" width=\"1336\" height=\"888\" src=\"https:\/\/www.gosocial.bj\/vitalfinance\/wp-content\/uploads\/2026\/03\/motdirecteurvf.png\" class=\"attachment-full size-full wp-image-6281\" alt=\"\" srcset=\"https:\/\/www.gosocial.bj\/vitalfinance\/wp-content\/uploads\/2026\/03\/motdirecteurvf.png 1336w, https:\/\/www.gosocial.bj\/vitalfinance\/wp-content\/uploads\/2026\/03\/motdirecteurvf-300x199.png 300w, https:\/\/www.gosocial.bj\/vitalfinance\/wp-content\/uploads\/2026\/03\/motdirecteurvf-1024x681.png 1024w, https:\/\/www.gosocial.bj\/vitalfinance\/wp-content\/uploads\/2026\/03\/motdirecteurvf-768x510.png 768w\" sizes=\"(max-width: 1336px) 100vw, 1336px\" \/>\t\t\t\t\t\t\t\t\t\t\t\t\t\t\t<\/div>\n\t\t\t\t\t<\/div>\n\t\t<\/div>\n\t\t\t\t\t<\/div>\n\t\t<\/section>\n\t\t\t\t<\/div>\n\t\t","protected":false},"excerpt":{"rendered":"<p>Accueil -&gt; Mot du Directeur G\u00e9n\u00e9ral Le mot du Directeur G\u00e9n\u00e9ral Lorem ipsum dolor sit amet, consectetur adipiscing elit. Sed do eiusmod tempor incididunt ut labore et dolore magna aliqua. Ut enim ad minim veniam, quis nostrud exercitation ullamco laboris nisi ut aliquip ex ea commodo consequat. Duis aute irure dolor in reprehenderit in voluptate velit esse cillum dolore eu.<\/p>\n","protected":false},"author":1,"featured_media":0,"parent":2061,"menu_order":0,"comment_status":"closed","ping_status":"closed","template":"elementor_header_footer","meta":{"footnotes":""},"class_list":["post-6679","page","type-page","status-publish","hentry"],"yoast_head":"<!-- This site is optimized with the Yoast SEO plugin v27.5 - https:\/\/yoast.com\/product\/yoast-seo-wordpress\/ -->\n<title>Notre \u00e9quipe \u2013 Experts en microfinance au B\u00e9nin<\/title>\n<meta name=\"description\" content=\"D\u00e9couvrez l\u2019\u00e9quipe de Vital Finance, des experts en microfinance au B\u00e9nin engag\u00e9s pour accompagner particuliers, entrepreneurs et PME dans leurs projets financiers.\" \/>\n<meta name=\"robots\" content=\"index, follow, max-snippet:-1, max-image-preview:large, max-video-preview:-1\" \/>\n<link rel=\"canonical\" href=\"https:\/\/www.gosocial.bj\/vitalfinance\/notre-institution\/mot-du-directeur\/\" \/>\n<meta property=\"og:locale\" content=\"fr_FR\" \/>\n<meta property=\"og:type\" content=\"article\" \/>\n<meta property=\"og:title\" content=\"Notre \u00e9quipe \u2013 Experts en microfinance au B\u00e9nin\" \/>\n<meta property=\"og:description\" content=\"D\u00e9couvrez l\u2019\u00e9quipe de Vital Finance, des experts en microfinance au B\u00e9nin engag\u00e9s pour accompagner particuliers, entrepreneurs et PME dans leurs projets financiers.\" \/>\n<meta property=\"og:url\" content=\"https:\/\/www.gosocial.bj\/vitalfinance\/notre-institution\/mot-du-directeur\/\" \/>\n<meta property=\"og:site_name\" content=\"Vital Finance\" \/>\n<meta property=\"article:modified_time\" content=\"2026-03-17T12:11:31+00:00\" \/>\n<meta property=\"og:image\" content=\"https:\/\/www.gosocial.bj\/vitalfinance\/wp-content\/uploads\/2026\/03\/motdirecteurvf.png\" \/>\n\t<meta property=\"og:image:width\" content=\"1336\" \/>\n\t<meta property=\"og:image:height\" content=\"888\" \/>\n\t<meta property=\"og:image:type\" content=\"image\/png\" \/>\n<meta name=\"twitter:card\" content=\"summary_large_image\" \/>\n<meta name=\"twitter:label1\" content=\"Dur\u00e9e de lecture estim\u00e9e\" \/>\n\t<meta name=\"twitter:data1\" content=\"1 minute\" \/>\n<script type=\"application\/ld+json\" class=\"yoast-schema-graph\">{\"@context\":\"https:\\\/\\\/schema.org\",\"@graph\":[{\"@type\":\"WebPage\",\"@id\":\"https:\\\/\\\/www.gosocial.bj\\\/vitalfinance\\\/notre-institution\\\/mot-du-directeur\\\/\",\"url\":\"https:\\\/\\\/www.gosocial.bj\\\/vitalfinance\\\/notre-institution\\\/mot-du-directeur\\\/\",\"name\":\"Notre \u00e9quipe \u2013 Experts en microfinance au B\u00e9nin\",\"isPartOf\":{\"@id\":\"https:\\\/\\\/www.gosocial.bj\\\/vitalfinance\\\/#website\"},\"primaryImageOfPage\":{\"@id\":\"https:\\\/\\\/www.gosocial.bj\\\/vitalfinance\\\/notre-institution\\\/mot-du-directeur\\\/#primaryimage\"},\"image\":{\"@id\":\"https:\\\/\\\/www.gosocial.bj\\\/vitalfinance\\\/notre-institution\\\/mot-du-directeur\\\/#primaryimage\"},\"thumbnailUrl\":\"https:\\\/\\\/www.gosocial.bj\\\/vitalfinance\\\/wp-content\\\/uploads\\\/2026\\\/03\\\/motdirecteurvf-1024x681.png\",\"datePublished\":\"2026-03-06T15:45:19+00:00\",\"dateModified\":\"2026-03-17T12:11:31+00:00\",\"description\":\"D\u00e9couvrez l\u2019\u00e9quipe de Vital Finance, des experts en microfinance au B\u00e9nin engag\u00e9s pour accompagner particuliers, entrepreneurs et PME dans leurs projets financiers.\",\"breadcrumb\":{\"@id\":\"https:\\\/\\\/www.gosocial.bj\\\/vitalfinance\\\/notre-institution\\\/mot-du-directeur\\\/#breadcrumb\"},\"inLanguage\":\"fr-FR\",\"potentialAction\":[{\"@type\":\"ReadAction\",\"target\":[\"https:\\\/\\\/www.gosocial.bj\\\/vitalfinance\\\/notre-institution\\\/mot-du-directeur\\\/\"]}]},{\"@type\":\"ImageObject\",\"inLanguage\":\"fr-FR\",\"@id\":\"https:\\\/\\\/www.gosocial.bj\\\/vitalfinance\\\/notre-institution\\\/mot-du-directeur\\\/#primaryimage\",\"url\":\"https:\\\/\\\/www.gosocial.bj\\\/vitalfinance\\\/wp-content\\\/uploads\\\/2026\\\/03\\\/motdirecteurvf.png\",\"contentUrl\":\"https:\\\/\\\/www.gosocial.bj\\\/vitalfinance\\\/wp-content\\\/uploads\\\/2026\\\/03\\\/motdirecteurvf.png\",\"width\":1336,\"height\":888},{\"@type\":\"BreadcrumbList\",\"@id\":\"https:\\\/\\\/www.gosocial.bj\\\/vitalfinance\\\/notre-institution\\\/mot-du-directeur\\\/#breadcrumb\",\"itemListElement\":[{\"@type\":\"ListItem\",\"position\":1,\"name\":\"Accueil\",\"item\":\"https:\\\/\\\/www.gosocial.bj\\\/vitalfinance\\\/\"},{\"@type\":\"ListItem\",\"position\":2,\"name\":\"Notre institution\",\"item\":\"https:\\\/\\\/www.gosocial.bj\\\/vitalfinance\\\/notre-institution\\\/\"},{\"@type\":\"ListItem\",\"position\":3,\"name\":\"Mot du Directeur\"}]},{\"@type\":\"WebSite\",\"@id\":\"https:\\\/\\\/www.gosocial.bj\\\/vitalfinance\\\/#website\",\"url\":\"https:\\\/\\\/www.gosocial.bj\\\/vitalfinance\\\/\",\"name\":\"Vital Finance\",\"description\":\"Le cr\u00e9dit de proximit\u00e9\",\"potentialAction\":[{\"@type\":\"SearchAction\",\"target\":{\"@type\":\"EntryPoint\",\"urlTemplate\":\"https:\\\/\\\/www.gosocial.bj\\\/vitalfinance\\\/?s={search_term_string}\"},\"query-input\":{\"@type\":\"PropertyValueSpecification\",\"valueRequired\":true,\"valueName\":\"search_term_string\"}}],\"inLanguage\":\"fr-FR\"}]}<\/script>\n<!-- \/ Yoast SEO plugin. -->","yoast_head_json":{"title":"Notre \u00e9quipe \u2013 Experts en microfinance au B\u00e9nin","description":"D\u00e9couvrez l\u2019\u00e9quipe de Vital Finance, des experts en microfinance au B\u00e9nin engag\u00e9s pour accompagner particuliers, entrepreneurs et PME dans leurs projets financiers.","robots":{"index":"index","follow":"follow","max-snippet":"max-snippet:-1","max-image-preview":"max-image-preview:large","max-video-preview":"max-video-preview:-1"},"canonical":"https:\/\/www.gosocial.bj\/vitalfinance\/notre-institution\/mot-du-directeur\/","og_locale":"fr_FR","og_type":"article","og_title":"Notre \u00e9quipe \u2013 Experts en microfinance au B\u00e9nin","og_description":"D\u00e9couvrez l\u2019\u00e9quipe de Vital Finance, des experts en microfinance au B\u00e9nin engag\u00e9s pour accompagner particuliers, entrepreneurs et PME dans leurs projets financiers.","og_url":"https:\/\/www.gosocial.bj\/vitalfinance\/notre-institution\/mot-du-directeur\/","og_site_name":"Vital Finance","article_modified_time":"2026-03-17T12:11:31+00:00","og_image":[{"width":1336,"height":888,"url":"https:\/\/www.gosocial.bj\/vitalfinance\/wp-content\/uploads\/2026\/03\/motdirecteurvf.png","type":"image\/png"}],"twitter_card":"summary_large_image","twitter_misc":{"Dur\u00e9e de lecture estim\u00e9e":"1 minute"},"schema":{"@context":"https:\/\/schema.org","@graph":[{"@type":"WebPage","@id":"https:\/\/www.gosocial.bj\/vitalfinance\/notre-institution\/mot-du-directeur\/","url":"https:\/\/www.gosocial.bj\/vitalfinance\/notre-institution\/mot-du-directeur\/","name":"Notre \u00e9quipe \u2013 Experts en microfinance au B\u00e9nin","isPartOf":{"@id":"https:\/\/www.gosocial.bj\/vitalfinance\/#website"},"primaryImageOfPage":{"@id":"https:\/\/www.gosocial.bj\/vitalfinance\/notre-institution\/mot-du-directeur\/#primaryimage"},"image":{"@id":"https:\/\/www.gosocial.bj\/vitalfinance\/notre-institution\/mot-du-directeur\/#primaryimage"},"thumbnailUrl":"https:\/\/www.gosocial.bj\/vitalfinance\/wp-content\/uploads\/2026\/03\/motdirecteurvf-1024x681.png","datePublished":"2026-03-06T15:45:19+00:00","dateModified":"2026-03-17T12:11:31+00:00","description":"D\u00e9couvrez l\u2019\u00e9quipe de Vital Finance, des experts en microfinance au B\u00e9nin engag\u00e9s pour accompagner particuliers, entrepreneurs et PME dans leurs projets financiers.","breadcrumb":{"@id":"https:\/\/www.gosocial.bj\/vitalfinance\/notre-institution\/mot-du-directeur\/#breadcrumb"},"inLanguage":"fr-FR","potentialAction":[{"@type":"ReadAction","target":["https:\/\/www.gosocial.bj\/vitalfinance\/notre-institution\/mot-du-directeur\/"]}]},{"@type":"ImageObject","inLanguage":"fr-FR","@id":"https:\/\/www.gosocial.bj\/vitalfinance\/notre-institution\/mot-du-directeur\/#primaryimage","url":"https:\/\/www.gosocial.bj\/vitalfinance\/wp-content\/uploads\/2026\/03\/motdirecteurvf.png","contentUrl":"https:\/\/www.gosocial.bj\/vitalfinance\/wp-content\/uploads\/2026\/03\/motdirecteurvf.png","width":1336,"height":888},{"@type":"BreadcrumbList","@id":"https:\/\/www.gosocial.bj\/vitalfinance\/notre-institution\/mot-du-directeur\/#breadcrumb","itemListElement":[{"@type":"ListItem","position":1,"name":"Accueil","item":"https:\/\/www.gosocial.bj\/vitalfinance\/"},{"@type":"ListItem","position":2,"name":"Notre institution","item":"https:\/\/www.gosocial.bj\/vitalfinance\/notre-institution\/"},{"@type":"ListItem","position":3,"name":"Mot du Directeur"}]},{"@type":"WebSite","@id":"https:\/\/www.gosocial.bj\/vitalfinance\/#website","url":"https:\/\/www.gosocial.bj\/vitalfinance\/","name":"Vital Finance","description":"Le cr\u00e9dit de proximit\u00e9","potentialAction":[{"@type":"SearchAction","target":{"@type":"EntryPoint","urlTemplate":"https:\/\/www.gosocial.bj\/vitalfinance\/?s={search_term_string}"},"query-input":{"@type":"PropertyValueSpecification","valueRequired":true,"valueName":"search_term_string"}}],"inLanguage":"fr-FR"}]}},"_links":{"self":[{"href":"https:\/\/www.gosocial.bj\/vitalfinance\/wp-json\/wp\/v2\/pages\/6679","targetHints":{"allow":["GET"]}}],"collection":[{"href":"https:\/\/www.gosocial.bj\/vitalfinance\/wp-json\/wp\/v2\/pages"}],"about":[{"href":"https:\/\/www.gosocial.bj\/vitalfinance\/wp-json\/wp\/v2\/types\/page"}],"author":[{"embeddable":true,"href":"https:\/\/www.gosocial.bj\/vitalfinance\/wp-json\/wp\/v2\/users\/1"}],"replies":[{"embeddable":true,"href":"https:\/\/www.gosocial.bj\/vitalfinance\/wp-json\/wp\/v2\/comments?post=6679"}],"version-history":[{"count":22,"href":"https:\/\/www.gosocial.bj\/vitalfinance\/wp-json\/wp\/v2\/pages\/6679\/revisions"}],"predecessor-version":[{"id":7712,"href":"https:\/\/www.gosocial.bj\/vitalfinance\/wp-json\/wp\/v2\/pages\/6679\/revisions\/7712"}],"up":[{"embeddable":true,"href":"https:\/\/www.gosocial.bj\/vitalfinance\/wp-json\/wp\/v2\/pages\/2061"}],"wp:attachment":[{"href":"https:\/\/www.gosocial.bj\/vitalfinance\/wp-json\/wp\/v2\/media?parent=6679"}],"curies":[{"name":"wp","href":"https:\/\/api.w.org\/{rel}","templated":true}]}}